{"id":3221,"date":"2026-01-09T15:29:11","date_gmt":"2026-01-09T14:29:11","guid":{"rendered":"https:\/\/ggalgarvetranslations.com\/?page_id=3221"},"modified":"2026-01-09T15:40:01","modified_gmt":"2026-01-09T14:40:01","slug":"politica-de-cookies","status":"publish","type":"page","link":"https:\/\/ggalgarvetranslations.com\/pt\/politica-de-cookies\/","title":{"rendered":"Pol\u00edtica de Cookies"},"content":{"rendered":"\t\t<div data-elementor-type=\"wp-page\" data-elementor-id=\"3221\" class=\"elementor elementor-3221\" data-elementor-post-type=\"page\">\n\t\t\t\t<div class=\"elementor-element elementor-element-b3a28a9 e-flex e-con-boxed e-con e-parent\" data-id=\"b3a28a9\" data-element_type=\"container\" data-e-type=\"container\">\n\t\t\t\t\t<div class=\"e-con-inner\">\n\t\t\t\t<div class=\"elementor-element elementor-element-8ed8e80 elementor-widget elementor-widget-heading\" data-id=\"8ed8e80\" data-element_type=\"widget\" data-e-type=\"widget\" data-widget_type=\"heading.default\">\n\t\t\t\t<div class=\"elementor-widget-container\">\n\t\t\t\t\t<h1 class=\"elementor-heading-title elementor-size-default\">Pol\u00edtica de Cookies<\/h1>\t\t\t\t<\/div>\n\t\t\t\t<\/div>\n\t\t\t\t\t<\/div>\n\t\t\t\t<\/div>\n\t\t<div class=\"elementor-element elementor-element-d7b2cda e-flex e-con-boxed e-con e-parent\" data-id=\"d7b2cda\" data-element_type=\"container\" data-e-type=\"container\">\n\t\t\t\t\t<div class=\"e-con-inner\">\n\t\t\t\t<div class=\"elementor-element elementor-element-bfa2d96 elementor-widget elementor-widget-html\" data-id=\"bfa2d96\" data-element_type=\"widget\" data-e-type=\"widget\" data-widget_type=\"html.default\">\n\t\t\t\t<div class=\"elementor-widget-container\">\n\t\t\t\t\t<style>\r\n    .legal-doc { font-family: inherit; line-height: 1.6; color: #333; }\r\n    .legal-doc h2 { font-size: 24px; margin-top: 30px; margin-bottom: 15px; color: #000; }\r\n    .legal-doc p { margin-bottom: 15px; text-align: justify; }\r\n    .legal-doc ul { margin-bottom: 15px; padding-left: 20px; }\r\n    \r\n    \/* Estilo para la tabla de cookies *\/\r\n    .cookie-table { width: 100%; border-collapse: collapse; margin: 20px 0; font-size: 14px; }\r\n    .cookie-table th, .cookie-table td { border: 1px solid #ddd; padding: 12px; text-align: left; }\r\n    .cookie-table th { background-color: #f4f4f4; font-weight: bold; color: #333; }\r\n    .cookie-table tr:nth-child(even) { background-color: #f9f9f9; }\r\n<\/style>\r\n\r\n<div class=\"legal-doc\">\r\n    <h2>O que s\u00e3o cookies?<\/h2>\r\n    <p>Cookies s\u00e3o pequenos ficheiros de texto com informa\u00e7\u00e3o relevante que \u00e9 descarregada pelo seu dispositivo de acesso (computador ou dispositivo m\u00f3vel), atrav\u00e9s do navegador de internet (browser), quando um site \u00e9 visitado pelo utilizador.<\/p>\r\n    <p>Os cookies em si n\u00e3o identificam o utilizador individual, mas apenas o computador ou dispositivo m\u00f3vel utilizado.<\/p>\r\n\r\n    <h2>Que tipo de cookies utilizamos?<\/h2>\r\n    <p>Atrav\u00e9s do seu website, a GG Algarve Translations utiliza os seguintes tipos de cookies:<\/p>\r\n    <ul>\r\n        <li><strong>Cookies de sess\u00e3o:<\/strong> s\u00e3o tempor\u00e1rios e s\u00e3o apagados quando fecha o browser.<\/li>\r\n        <li><strong>Cookies permanentes:<\/strong> ficam armazenados no navegador at\u00e9 serem apagados ou expirarem.<\/li>\r\n    <\/ul>\r\n\r\n    <h2>Lista de Cookies Utilizados<\/h2>\r\n    <p>Abaixo detalhamos os cookies que utilizamos atualmente no nosso website para garantir o seu funcionamento e an\u00e1lise de tr\u00e1fego:<\/p>\r\n\r\n    <table class=\"cookie-table\">\r\n        <thead>\r\n            <tr>\r\n                <th>Nome do Cookie<\/th>\r\n                <th>Tipo<\/th>\r\n                <th>Dura\u00e7\u00e3o<\/th>\r\n                <th>Descri\u00e7\u00e3o<\/th>\r\n            <\/tr>\r\n        <\/thead>\r\n        <tbody>\r\n            <tr>\r\n                <td>ggalgarve_cookie_consent<\/td>\r\n                <td>Funcional (Pr\u00f3prio)<\/td>\r\n                <td>Persistente<\/td>\r\n                <td>Guarda a sua prefer\u00eancia sobre a aceita\u00e7\u00e3o ou rejei\u00e7\u00e3o da nossa pol\u00edtica de cookies e rastreamento.<\/td>\r\n            <\/tr>\r\n            <tr>\r\n                <td>_ga<\/td>\r\n                <td>Anal\u00edtico (Google)<\/td>\r\n                <td>2 anos<\/td>\r\n                <td>Utilizado pelo Google Analytics para distinguir utilizadores \u00fanicos e analisar o tr\u00e1fego do site.<\/td>\r\n            <\/tr>\r\n            <tr>\r\n                <td>_ga_*<\/td>\r\n                <td>Anal\u00edtico (Google)<\/td>\r\n                <td>2 anos<\/td>\r\n                <td>Armazena o estado da sess\u00e3o para o Google Analytics.<\/td>\r\n            <\/tr>\r\n        <\/tbody>\r\n    <\/table>\r\n\r\n    <h2>Como controlar os cookies?<\/h2>\r\n    <p>Todos os browsers permitem que o utilizador aceite, recuse ou apague os cookies atrav\u00e9s da sele\u00e7\u00e3o das configura\u00e7\u00f5es apropriadas no seu browser.<\/p>\r\n    <p>No entanto, alertamos para o facto de a desativa\u00e7\u00e3o dos cookies poder impedir que alguns servi\u00e7os da web funcionem corretamente.<\/p>\r\n    <p>Para mais detalhes sobre como pode controlar e\/ou eliminar cookies, consulte o website <a href=\"http:\/\/www.allaboutcookies.org\" target=\"_blank\" rel=\"noopener\">www.allaboutcookies.org<\/a>.<\/p>\r\n\r\n    <h2>Contactos<\/h2>\r\n    <p>Caso tenha alguma d\u00favida ou necessite de informa\u00e7\u00e3o adicional relativamente ao tratamento dos seus dados pessoais, por favor contacte-nos:<\/p>\r\n    <p><strong>E-mail:<\/strong> contact@ggalgarvetranslations.com\r\n<br>\r\n    <strong>Morada:<\/strong> Av. Cidade Hayward, BL C2, N\u00ba 10, 8000-073 Faro<\/p>\r\n    \r\n    <p><em>A Pol\u00edtica de Cookies poder\u00e1 ser alvo de atualiza\u00e7\u00f5es, pelo que aconselhamos que consulte regularmente esta p\u00e1gina.<\/em><\/p>\r\n    <p><em>\u00daltima atualiza\u00e7\u00e3o: 09 de janeiro de 2026.<\/em><\/p>\r\n<\/div>\t\t\t\t<\/div>\n\t\t\t\t<\/div>\n\t\t\t\t\t<\/div>\n\t\t\t\t<\/div>\n\t\t\t\t<\/div>\n\t\t","protected":false},"excerpt":{"rendered":"<p>Pol\u00edtica de Cookies O que s\u00e3o cookies? Cookies s\u00e3o pequenos ficheiros de texto com informa\u00e7\u00e3o relevante que \u00e9 descarregada pelo seu dispositivo de acesso (computador ou dispositivo m\u00f3vel), atrav\u00e9s do navegador de internet (browser), quando um site \u00e9 visitado pelo utilizador. Os cookies em si n\u00e3o identificam o utilizador individual, mas apenas o computador ou [&hellip;]<\/p>\n","protected":false},"author":1,"featured_media":0,"parent":0,"menu_order":0,"comment_status":"closed","ping_status":"closed","template":"elementor_header_footer","meta":{"_joinchat":[],"footnotes":""},"class_list":["post-3221","page","type-page","status-publish","hentry"],"_links":{"self":[{"href":"https:\/\/ggalgarvetranslations.com\/pt\/wp-json\/wp\/v2\/pages\/3221","targetHints":{"allow":["GET"]}}],"collection":[{"href":"https:\/\/ggalgarvetranslations.com\/pt\/wp-json\/wp\/v2\/pages"}],"about":[{"href":"https:\/\/ggalgarvetranslations.com\/pt\/wp-json\/wp\/v2\/types\/page"}],"author":[{"embeddable":true,"href":"https:\/\/ggalgarvetranslations.com\/pt\/wp-json\/wp\/v2\/users\/1"}],"replies":[{"embeddable":true,"href":"https:\/\/ggalgarvetranslations.com\/pt\/wp-json\/wp\/v2\/comments?post=3221"}],"version-history":[{"count":0,"href":"https:\/\/ggalgarvetranslations.com\/pt\/wp-json\/wp\/v2\/pages\/3221\/revisions"}],"wp:attachment":[{"href":"https:\/\/ggalgarvetranslations.com\/pt\/wp-json\/wp\/v2\/media?parent=3221"}],"curies":[{"name":"wp","href":"https:\/\/api.w.org\/{rel}","templated":true}]}}