{"id":3090,"date":"2025-11-29T17:54:06","date_gmt":"2025-11-29T16:54:06","guid":{"rendered":"https:\/\/ggalgarvetranslations.com\/?page_id=3090"},"modified":"2025-11-29T23:04:12","modified_gmt":"2025-11-29T22:04:12","slug":"blog","status":"publish","type":"page","link":"https:\/\/ggalgarvetranslations.com\/pt\/blog\/","title":{"rendered":"Blog"},"content":{"rendered":"\t\t<div data-elementor-type=\"wp-page\" data-elementor-id=\"3090\" class=\"elementor elementor-3090\" data-elementor-post-type=\"page\">\n\t\t\t\t\t\t<section class=\"elementor-section elementor-top-section elementor-element elementor-element-182e53bc elementor-section-boxed elementor-section-height-default elementor-section-height-default\" data-id=\"182e53bc\" data-element_type=\"section\" data-e-type=\"section\" data-settings=\"{&quot;background_background&quot;:&quot;classic&quot;}\">\n\t\t\t\t\t\t\t<div class=\"elementor-background-overlay\"><\/div>\n\t\t\t\t\t\t\t<div class=\"elementor-container elementor-column-gap-no\">\n\t\t\t\t\t<div class=\"elementor-column elementor-col-100 elementor-top-column elementor-element elementor-element-643c8908\" data-id=\"643c8908\" data-element_type=\"column\" data-e-type=\"column\">\n\t\t\t<div class=\"elementor-widget-wrap elementor-element-populated\">\n\t\t\t\t\t\t<div class=\"elementor-element elementor-element-12b8f5f elementor-widget elementor-widget-heading\" data-id=\"12b8f5f\" data-element_type=\"widget\" data-e-type=\"widget\" data-widget_type=\"heading.default\">\n\t\t\t\t<div class=\"elementor-widget-container\">\n\t\t\t\t\t<h1 class=\"elementor-heading-title elementor-size-default\">Centro de Conhecimento e Not\u00edcias<\/h1>\t\t\t\t<\/div>\n\t\t\t\t<\/div>\n\t\t\t\t<div class=\"elementor-element elementor-element-d747794 elementor-widget elementor-widget-text-editor\" data-id=\"d747794\" data-element_type=\"widget\" data-e-type=\"widget\" data-widget_type=\"text-editor.default\">\n\t\t\t\t<div class=\"elementor-widget-container\">\n\t\t\t\t\t\t\t\t\t<p>Artigos especializados sobre tradu\u00e7\u00e3o t\u00e9cnica, legaliza\u00e7\u00e3o de documentos e estrat\u00e9gias de expans\u00e3o global.<\/p>\t\t\t\t\t\t\t\t<\/div>\n\t\t\t\t<\/div>\n\t\t\t\t\t<\/div>\n\t\t<\/div>\n\t\t\t\t\t<\/div>\n\t\t<\/section>\n\t\t<div class=\"elementor-element elementor-element-ba01416 e-flex e-con-boxed e-con e-parent\" data-id=\"ba01416\" data-element_type=\"container\" data-e-type=\"container\" data-settings=\"{&quot;background_background&quot;:&quot;classic&quot;}\">\n\t\t\t\t\t<div class=\"e-con-inner\">\n\t\t<div class=\"elementor-element elementor-element-21ae3dd e-con-full e-grid e-con e-child\" data-id=\"21ae3dd\" data-element_type=\"container\" data-e-type=\"container\">\n\t\t\t\t<div class=\"elementor-element elementor-element-7e1a2de elementor-align-center elementor-widget elementor-widget-button\" data-id=\"7e1a2de\" data-element_type=\"widget\" data-e-type=\"widget\" data-widget_type=\"button.default\">\n\t\t\t\t<div class=\"elementor-widget-container\">\n\t\t\t\t\t\t\t\t\t<div class=\"elementor-button-wrapper\">\n\t\t\t\t\t<a class=\"elementor-button elementor-button-link elementor-size-sm elementor-animation-float\" href=\"https:\/\/ggalgarvetranslations.com\/blog\/\">\n\t\t\t\t\t\t<span class=\"elementor-button-content-wrapper\">\n\t\t\t\t\t\t\t\t\t<span class=\"elementor-button-text\">Todos os Artigos<\/span>\n\t\t\t\t\t<\/span>\n\t\t\t\t\t<\/a>\n\t\t\t\t<\/div>\n\t\t\t\t\t\t\t\t<\/div>\n\t\t\t\t<\/div>\n\t\t\t\t<div class=\"elementor-element elementor-element-8b6dabc elementor-align-center elementor-widget elementor-widget-button\" data-id=\"8b6dabc\" data-element_type=\"widget\" data-e-type=\"widget\" data-widget_type=\"button.default\">\n\t\t\t\t<div class=\"elementor-widget-container\">\n\t\t\t\t\t\t\t\t\t<div class=\"elementor-button-wrapper\">\n\t\t\t\t\t<a class=\"elementor-button elementor-button-link elementor-size-sm elementor-animation-float\" href=\"https:\/\/ggalgarvetranslations.com\/category\/legalizacao-processos-oficiais\/\">\n\t\t\t\t\t\t<span class=\"elementor-button-content-wrapper\">\n\t\t\t\t\t\t\t\t\t<span class=\"elementor-button-text\">Legaliza\u00e7\u00e3o e Oficial<\/span>\n\t\t\t\t\t<\/span>\n\t\t\t\t\t<\/a>\n\t\t\t\t<\/div>\n\t\t\t\t\t\t\t\t<\/div>\n\t\t\t\t<\/div>\n\t\t\t\t<div class=\"elementor-element elementor-element-3bd83f3 elementor-align-center elementor-widget elementor-widget-button\" data-id=\"3bd83f3\" data-element_type=\"widget\" data-e-type=\"widget\" data-widget_type=\"button.default\">\n\t\t\t\t<div class=\"elementor-widget-container\">\n\t\t\t\t\t\t\t\t\t<div class=\"elementor-button-wrapper\">\n\t\t\t\t\t<a class=\"elementor-button elementor-button-link elementor-size-sm elementor-animation-float\" href=\"https:\/\/ggalgarvetranslations.com\/category\/traducao-empresas-industria\/\">\n\t\t\t\t\t\t<span class=\"elementor-button-content-wrapper\">\n\t\t\t\t\t\t\t\t\t<span class=\"elementor-button-text\">Empresas e Ind\u00fastria<\/span>\n\t\t\t\t\t<\/span>\n\t\t\t\t\t<\/a>\n\t\t\t\t<\/div>\n\t\t\t\t\t\t\t\t<\/div>\n\t\t\t\t<\/div>\n\t\t\t\t<div class=\"elementor-element elementor-element-3dc918d elementor-align-center elementor-widget elementor-widget-button\" data-id=\"3dc918d\" data-element_type=\"widget\" data-e-type=\"widget\" data-widget_type=\"button.default\">\n\t\t\t\t<div class=\"elementor-widget-container\">\n\t\t\t\t\t\t\t\t\t<div class=\"elementor-button-wrapper\">\n\t\t\t\t\t<a class=\"elementor-button elementor-button-link elementor-size-sm elementor-animation-float\" href=\"https:\/\/ggalgarvetranslations.com\/category\/marketing-expansao-global\/\">\n\t\t\t\t\t\t<span class=\"elementor-button-content-wrapper\">\n\t\t\t\t\t\t\t\t\t<span class=\"elementor-button-text\">Marketing e Web<\/span>\n\t\t\t\t\t<\/span>\n\t\t\t\t\t<\/a>\n\t\t\t\t<\/div>\n\t\t\t\t\t\t\t\t<\/div>\n\t\t\t\t<\/div>\n\t\t\t\t<\/div>\n\t\t\t\t\t<\/div>\n\t\t\t\t<\/div>\n\t\t<div class=\"elementor-element elementor-element-9178bb3 e-flex e-con-boxed e-con e-parent\" data-id=\"9178bb3\" data-element_type=\"container\" data-e-type=\"container\" data-settings=\"{&quot;background_background&quot;:&quot;classic&quot;}\">\n\t\t\t\t\t<div class=\"e-con-inner\">\n\t\t\t\t<div class=\"elementor-element elementor-element-c1e380a elementor-grid-3 elementor-grid-tablet-2 elementor-grid-mobile-1 elementor-posts--thumbnail-top elementor-posts--show-avatar elementor-card-shadow-yes elementor-posts__hover-gradient elementor-widget elementor-widget-posts\" data-id=\"c1e380a\" data-element_type=\"widget\" data-e-type=\"widget\" data-settings=\"{&quot;pagination_type&quot;:&quot;prev_next&quot;,&quot;cards_columns&quot;:&quot;3&quot;,&quot;cards_columns_tablet&quot;:&quot;2&quot;,&quot;cards_columns_mobile&quot;:&quot;1&quot;,&quot;cards_row_gap&quot;:{&quot;unit&quot;:&quot;px&quot;,&quot;size&quot;:35,&quot;sizes&quot;:[]},&quot;cards_row_gap_tablet&quot;:{&quot;unit&quot;:&quot;px&quot;,&quot;size&quot;:&quot;&quot;,&quot;sizes&quot;:[]},&quot;cards_row_gap_mobile&quot;:{&quot;unit&quot;:&quot;px&quot;,&quot;size&quot;:&quot;&quot;,&quot;sizes&quot;:[]}}\" data-widget_type=\"posts.cards\">\n\t\t\t\t<div class=\"elementor-widget-container\">\n\t\t\t\t\t\t\t<div class=\"elementor-posts-container elementor-posts elementor-posts--skin-cards elementor-grid\" role=\"list\">\n\t\t\t\t<article class=\"elementor-post elementor-grid-item post-3404 post type-post status-publish format-standard has-post-thumbnail hentry category-traducao-empresas-industria\" role=\"listitem\">\n\t\t\t<div class=\"elementor-post__card\">\n\t\t\t\t<a class=\"elementor-post__thumbnail__link\" href=\"https:\/\/ggalgarvetranslations.com\/pt\/traducao-manuais-tecnicos-industria-iso\/\" tabindex=\"-1\" ><div class=\"elementor-post__thumbnail\"><img fetchpriority=\"high\" decoding=\"async\" width=\"300\" height=\"200\" src=\"https:\/\/ggalgarvetranslations.com\/wp-content\/uploads\/2026\/03\/traducao-manuais-tecnicos-industria-300x200.webp\" class=\"attachment-medium size-medium wp-image-3409\" alt=\"Manual t\u00e9cnico traduzido ao lado de projeto de engenharia mec\u00e2nica.\" srcset=\"https:\/\/ggalgarvetranslations.com\/wp-content\/uploads\/2026\/03\/traducao-manuais-tecnicos-industria-300x200.webp 300w, https:\/\/ggalgarvetranslations.com\/wp-content\/uploads\/2026\/03\/traducao-manuais-tecnicos-industria-1024x683.webp 1024w, https:\/\/ggalgarvetranslations.com\/wp-content\/uploads\/2026\/03\/traducao-manuais-tecnicos-industria-768x512.webp 768w, https:\/\/ggalgarvetranslations.com\/wp-content\/uploads\/2026\/03\/traducao-manuais-tecnicos-industria-18x12.webp 18w, https:\/\/ggalgarvetranslations.com\/wp-content\/uploads\/2026\/03\/traducao-manuais-tecnicos-industria.webp 1536w\" sizes=\"(max-width: 300px) 100vw, 300px\" \/><\/div><\/a>\n\t\t\t\t<div class=\"elementor-post__badge\">Tradu\u00e7\u00e3o para Empresas e Ind\u00fastria<\/div>\n\t\t\t\t<div class=\"elementor-post__avatar\">\n\t\t\t\t\t<\/div>\n\t\t\t\t<div class=\"elementor-post__text\">\n\t\t\t\t<h3 class=\"elementor-post__title\">\n\t\t\t<a href=\"https:\/\/ggalgarvetranslations.com\/pt\/traducao-manuais-tecnicos-industria-iso\/\" >\n\t\t\t\tTradu\u00e7\u00e3o de Manuais T\u00e9cnicos: Conformidade ISO na Ind\u00fastria\t\t\t<\/a>\n\t\t<\/h3>\n\t\t\n\t\t<a class=\"elementor-post__read-more\" href=\"https:\/\/ggalgarvetranslations.com\/pt\/traducao-manuais-tecnicos-industria-iso\/\" aria-label=\"Read more about Tradu\u00e7\u00e3o de Manuais T\u00e9cnicos: Conformidade ISO na Ind\u00fastria\" tabindex=\"-1\" >\n\t\t\tLeia mais \u00bb\t\t<\/a>\n\n\t\t\t\t<\/div>\n\t\t\t\t<div class=\"elementor-post__meta-data\">\n\t\t\t\t\t<span class=\"elementor-post-date\">\n\t\t\t21 de Mar\u00e7o de 2026\t\t<\/span>\n\t\t\t\t<span class=\"elementor-post-avatar\">\n\t\t\tSem coment\u00e1rios\t\t<\/span>\n\t\t\t\t<\/div>\n\t\t\t\t\t<\/div>\n\t\t<\/article>\n\t\t\t\t<article class=\"elementor-post elementor-grid-item post-3391 post type-post status-publish format-standard has-post-thumbnail hentry category-legalizacao-e-processos-oficiais\" role=\"listitem\">\n\t\t\t<div class=\"elementor-post__card\">\n\t\t\t\t<a class=\"elementor-post__thumbnail__link\" href=\"https:\/\/ggalgarvetranslations.com\/pt\/traducao-documentos-comprar-casa-algarve\/\" tabindex=\"-1\" ><div class=\"elementor-post__thumbnail\"><img decoding=\"async\" width=\"300\" height=\"200\" src=\"https:\/\/ggalgarvetranslations.com\/wp-content\/uploads\/2026\/03\/traducao-documentos-comprar-casa-algarve-300x200.webp\" class=\"attachment-medium size-medium wp-image-3392\" alt=\"Documentos de tradu\u00e7\u00e3o certificada e chave dourada para compra de im\u00f3vel no Algarve.\" srcset=\"https:\/\/ggalgarvetranslations.com\/wp-content\/uploads\/2026\/03\/traducao-documentos-comprar-casa-algarve-300x200.webp 300w, https:\/\/ggalgarvetranslations.com\/wp-content\/uploads\/2026\/03\/traducao-documentos-comprar-casa-algarve-1024x683.webp 1024w, https:\/\/ggalgarvetranslations.com\/wp-content\/uploads\/2026\/03\/traducao-documentos-comprar-casa-algarve-768x512.webp 768w, https:\/\/ggalgarvetranslations.com\/wp-content\/uploads\/2026\/03\/traducao-documentos-comprar-casa-algarve-18x12.webp 18w, https:\/\/ggalgarvetranslations.com\/wp-content\/uploads\/2026\/03\/traducao-documentos-comprar-casa-algarve.webp 1536w\" sizes=\"(max-width: 300px) 100vw, 300px\" \/><\/div><\/a>\n\t\t\t\t<div class=\"elementor-post__badge\">Legaliza\u00e7\u00e3o e Processos Oficiais<\/div>\n\t\t\t\t<div class=\"elementor-post__avatar\">\n\t\t\t\t\t<\/div>\n\t\t\t\t<div class=\"elementor-post__text\">\n\t\t\t\t<h3 class=\"elementor-post__title\">\n\t\t\t<a href=\"https:\/\/ggalgarvetranslations.com\/pt\/traducao-documentos-comprar-casa-algarve\/\" >\n\t\t\t\tTradu\u00e7\u00e3o de Documentos para Comprar Casa no Algarve [2026]\t\t\t<\/a>\n\t\t<\/h3>\n\t\t\n\t\t<a class=\"elementor-post__read-more\" href=\"https:\/\/ggalgarvetranslations.com\/pt\/traducao-documentos-comprar-casa-algarve\/\" aria-label=\"Read more about Tradu\u00e7\u00e3o de Documentos para Comprar Casa no Algarve [2026]\" tabindex=\"-1\" >\n\t\t\tLeia mais \u00bb\t\t<\/a>\n\n\t\t\t\t<\/div>\n\t\t\t\t<div class=\"elementor-post__meta-data\">\n\t\t\t\t\t<span class=\"elementor-post-date\">\n\t\t\t6 de Mar\u00e7o de 2026\t\t<\/span>\n\t\t\t\t<span class=\"elementor-post-avatar\">\n\t\t\tSem coment\u00e1rios\t\t<\/span>\n\t\t\t\t<\/div>\n\t\t\t\t\t<\/div>\n\t\t<\/article>\n\t\t\t\t<article class=\"elementor-post elementor-grid-item post-3375 post type-post status-publish format-standard has-post-thumbnail hentry category-traducao-empresas-industria\" role=\"listitem\">\n\t\t\t<div class=\"elementor-post__card\">\n\t\t\t\t<a class=\"elementor-post__thumbnail__link\" href=\"https:\/\/ggalgarvetranslations.com\/pt\/riscos-traducao-automatica-empresas\/\" tabindex=\"-1\" ><div class=\"elementor-post__thumbnail\"><img decoding=\"async\" width=\"300\" height=\"200\" src=\"https:\/\/ggalgarvetranslations.com\/wp-content\/uploads\/2026\/02\/riscos-traducao-automatica-contratos-300x200.webp\" class=\"attachment-medium size-medium wp-image-3377\" alt=\"Compara\u00e7\u00e3o dos erro e Riscos da Tradu\u00e7\u00e3o Autom\u00e1tica e contrato profissional aprovado.\" srcset=\"https:\/\/ggalgarvetranslations.com\/wp-content\/uploads\/2026\/02\/riscos-traducao-automatica-contratos-300x200.webp 300w, https:\/\/ggalgarvetranslations.com\/wp-content\/uploads\/2026\/02\/riscos-traducao-automatica-contratos-1024x683.webp 1024w, https:\/\/ggalgarvetranslations.com\/wp-content\/uploads\/2026\/02\/riscos-traducao-automatica-contratos-768x512.webp 768w, https:\/\/ggalgarvetranslations.com\/wp-content\/uploads\/2026\/02\/riscos-traducao-automatica-contratos-18x12.webp 18w, https:\/\/ggalgarvetranslations.com\/wp-content\/uploads\/2026\/02\/riscos-traducao-automatica-contratos.webp 1536w\" sizes=\"(max-width: 300px) 100vw, 300px\" \/><\/div><\/a>\n\t\t\t\t<div class=\"elementor-post__badge\">Tradu\u00e7\u00e3o para Empresas e Ind\u00fastria<\/div>\n\t\t\t\t<div class=\"elementor-post__avatar\">\n\t\t\t\t\t<\/div>\n\t\t\t\t<div class=\"elementor-post__text\">\n\t\t\t\t<h3 class=\"elementor-post__title\">\n\t\t\t<a href=\"https:\/\/ggalgarvetranslations.com\/pt\/riscos-traducao-automatica-empresas\/\" >\n\t\t\t\t5 Riscos da Tradu\u00e7\u00e3o Autom\u00e1tica em Empresas [Guia B2B]\t\t\t<\/a>\n\t\t<\/h3>\n\t\t\n\t\t<a class=\"elementor-post__read-more\" href=\"https:\/\/ggalgarvetranslations.com\/pt\/riscos-traducao-automatica-empresas\/\" aria-label=\"Read more about 5 Riscos da Tradu\u00e7\u00e3o Autom\u00e1tica em Empresas [Guia B2B]\" tabindex=\"-1\" >\n\t\t\tLeia mais \u00bb\t\t<\/a>\n\n\t\t\t\t<\/div>\n\t\t\t\t<div class=\"elementor-post__meta-data\">\n\t\t\t\t\t<span class=\"elementor-post-date\">\n\t\t\t4 de Fevereiro de 2026\t\t<\/span>\n\t\t\t\t<span class=\"elementor-post-avatar\">\n\t\t\tSem coment\u00e1rios\t\t<\/span>\n\t\t\t\t<\/div>\n\t\t\t\t\t<\/div>\n\t\t<\/article>\n\t\t\t\t<article class=\"elementor-post elementor-grid-item post-3351 post type-post status-publish format-standard has-post-thumbnail hentry category-legalizacao-e-processos-oficiais\" role=\"listitem\">\n\t\t\t<div class=\"elementor-post__card\">\n\t\t\t\t<a class=\"elementor-post__thumbnail__link\" href=\"https:\/\/ggalgarvetranslations.com\/pt\/traducao-certificada-vs-juridica\/\" tabindex=\"-1\" ><div class=\"elementor-post__thumbnail\"><img loading=\"lazy\" decoding=\"async\" width=\"300\" height=\"200\" src=\"https:\/\/ggalgarvetranslations.com\/wp-content\/uploads\/2025\/11\/diferenca-traducao-certificada-juridica-portugal-300x200.webp\" class=\"attachment-medium size-medium wp-image-3353\" alt=\"Compara\u00e7\u00e3o entre documentos de tradu\u00e7\u00e3o certificada com carimbo e contrato de tradu\u00e7\u00e3o jur\u00eddica em escrit\u00f3rio\" srcset=\"https:\/\/ggalgarvetranslations.com\/wp-content\/uploads\/2025\/11\/diferenca-traducao-certificada-juridica-portugal-300x200.webp 300w, https:\/\/ggalgarvetranslations.com\/wp-content\/uploads\/2025\/11\/diferenca-traducao-certificada-juridica-portugal-1024x683.webp 1024w, https:\/\/ggalgarvetranslations.com\/wp-content\/uploads\/2025\/11\/diferenca-traducao-certificada-juridica-portugal-768x512.webp 768w, https:\/\/ggalgarvetranslations.com\/wp-content\/uploads\/2025\/11\/diferenca-traducao-certificada-juridica-portugal-18x12.webp 18w, https:\/\/ggalgarvetranslations.com\/wp-content\/uploads\/2025\/11\/diferenca-traducao-certificada-juridica-portugal.webp 1536w\" sizes=\"(max-width: 300px) 100vw, 300px\" \/><\/div><\/a>\n\t\t\t\t<div class=\"elementor-post__badge\">Legaliza\u00e7\u00e3o e Processos Oficiais<\/div>\n\t\t\t\t<div class=\"elementor-post__avatar\">\n\t\t\t\t\t<\/div>\n\t\t\t\t<div class=\"elementor-post__text\">\n\t\t\t\t<h3 class=\"elementor-post__title\">\n\t\t\t<a href=\"https:\/\/ggalgarvetranslations.com\/pt\/traducao-certificada-vs-juridica\/\" >\n\t\t\t\tTradu\u00e7\u00e3o Certificada vs. Tradu\u00e7\u00e3o Jur\u00eddica\t\t\t<\/a>\n\t\t<\/h3>\n\t\t\n\t\t<a class=\"elementor-post__read-more\" href=\"https:\/\/ggalgarvetranslations.com\/pt\/traducao-certificada-vs-juridica\/\" aria-label=\"Read more about Tradu\u00e7\u00e3o Certificada vs. Tradu\u00e7\u00e3o Jur\u00eddica\" tabindex=\"-1\" >\n\t\t\tLeia mais \u00bb\t\t<\/a>\n\n\t\t\t\t<\/div>\n\t\t\t\t<div class=\"elementor-post__meta-data\">\n\t\t\t\t\t<span class=\"elementor-post-date\">\n\t\t\t21 de Janeiro de 2026\t\t<\/span>\n\t\t\t\t<span class=\"elementor-post-avatar\">\n\t\t\tSem coment\u00e1rios\t\t<\/span>\n\t\t\t\t<\/div>\n\t\t\t\t\t<\/div>\n\t\t<\/article>\n\t\t\t\t<article class=\"elementor-post elementor-grid-item post-3093 post type-post status-publish format-standard has-post-thumbnail hentry category-legalizacao-e-processos-oficiais\" role=\"listitem\">\n\t\t\t<div class=\"elementor-post__card\">\n\t\t\t\t<a class=\"elementor-post__thumbnail__link\" href=\"https:\/\/ggalgarvetranslations.com\/pt\/apostila-de-haia-portugal\/\" tabindex=\"-1\" ><div class=\"elementor-post__thumbnail\"><img loading=\"lazy\" decoding=\"async\" width=\"300\" height=\"200\" src=\"https:\/\/ggalgarvetranslations.com\/wp-content\/uploads\/2025\/11\/apostila-haia-portugal-documentos-oficiais-300x200.webp\" class=\"attachment-medium size-medium wp-image-3127\" alt=\"Documento oficial autenticado com a Apostila de Haia em Portugal, em cima de uma secret\u00e1ria. GG Algarve Translations\" srcset=\"https:\/\/ggalgarvetranslations.com\/wp-content\/uploads\/2025\/11\/apostila-haia-portugal-documentos-oficiais-300x200.webp 300w, https:\/\/ggalgarvetranslations.com\/wp-content\/uploads\/2025\/11\/apostila-haia-portugal-documentos-oficiais-1024x683.webp 1024w, https:\/\/ggalgarvetranslations.com\/wp-content\/uploads\/2025\/11\/apostila-haia-portugal-documentos-oficiais-768x512.webp 768w, https:\/\/ggalgarvetranslations.com\/wp-content\/uploads\/2025\/11\/apostila-haia-portugal-documentos-oficiais-18x12.webp 18w, https:\/\/ggalgarvetranslations.com\/wp-content\/uploads\/2025\/11\/apostila-haia-portugal-documentos-oficiais.webp 1536w\" sizes=\"(max-width: 300px) 100vw, 300px\" \/><\/div><\/a>\n\t\t\t\t<div class=\"elementor-post__badge\">Legaliza\u00e7\u00e3o e Processos Oficiais<\/div>\n\t\t\t\t<div class=\"elementor-post__avatar\">\n\t\t\t\t\t<\/div>\n\t\t\t\t<div class=\"elementor-post__text\">\n\t\t\t\t<h3 class=\"elementor-post__title\">\n\t\t\t<a href=\"https:\/\/ggalgarvetranslations.com\/pt\/apostila-de-haia-portugal\/\" >\n\t\t\t\tApostila de Haia em Portugal: O Guia Completo para Validar Documentos\t\t\t<\/a>\n\t\t<\/h3>\n\t\t\n\t\t<a class=\"elementor-post__read-more\" href=\"https:\/\/ggalgarvetranslations.com\/pt\/apostila-de-haia-portugal\/\" aria-label=\"Read more about Apostila de Haia em Portugal: O Guia Completo para Validar Documentos\" tabindex=\"-1\" >\n\t\t\tLeia mais \u00bb\t\t<\/a>\n\n\t\t\t\t<\/div>\n\t\t\t\t<div class=\"elementor-post__meta-data\">\n\t\t\t\t\t<span class=\"elementor-post-date\">\n\t\t\t29 de Novembro de 2025\t\t<\/span>\n\t\t\t\t<span class=\"elementor-post-avatar\">\n\t\t\tSem coment\u00e1rios\t\t<\/span>\n\t\t\t\t<\/div>\n\t\t\t\t\t<\/div>\n\t\t<\/article>\n\t\t\t\t<\/div>\n\t\t\n\t\t\t\t\t\t<\/div>\n\t\t\t\t<\/div>\n\t\t\t\t\t<\/div>\n\t\t\t\t<\/div>\n\t\t<div class=\"elementor-element elementor-element-543ad52 e-con-full e-flex e-con e-parent\" data-id=\"543ad52\" data-element_type=\"container\" data-e-type=\"container\" data-settings=\"{&quot;background_background&quot;:&quot;classic&quot;}\">\n\t\t<div class=\"elementor-element elementor-element-c0fd8ab e-con-full e-flex e-con e-child\" data-id=\"c0fd8ab\" data-element_type=\"container\" data-e-type=\"container\">\n\t\t\t\t<div class=\"elementor-element elementor-element-08bbc60 elementor-widget elementor-widget-heading\" data-id=\"08bbc60\" data-element_type=\"widget\" data-e-type=\"widget\" data-widget_type=\"heading.default\">\n\t\t\t\t<div class=\"elementor-widget-container\">\n\t\t\t\t\t<h2 class=\"elementor-heading-title elementor-size-default\">Precisa de Traduzir um Documento?<\/h2>\t\t\t\t<\/div>\n\t\t\t\t<\/div>\n\t\t\t\t<div class=\"elementor-element elementor-element-f41f4ff elementor-widget elementor-widget-text-editor\" data-id=\"f41f4ff\" data-element_type=\"widget\" data-e-type=\"widget\" data-widget_type=\"text-editor.default\">\n\t\t\t\t<div class=\"elementor-widget-container\">\n\t\t\t\t\t\t\t\t\t<p>Obtenha um or\u00e7amento gratuito e resposta em menos de 2 horas.<\/p>\t\t\t\t\t\t\t\t<\/div>\n\t\t\t\t<\/div>\n\t\t\t\t<\/div>\n\t\t<div class=\"elementor-element elementor-element-b9dfbe0 e-con-full e-flex e-con e-child\" data-id=\"b9dfbe0\" data-element_type=\"container\" data-e-type=\"container\">\n\t\t\t\t<div class=\"elementor-element elementor-element-49030c7 elementor-align-center elementor-widget elementor-widget-button\" data-id=\"49030c7\" data-element_type=\"widget\" data-e-type=\"widget\" data-widget_type=\"button.default\">\n\t\t\t\t<div class=\"elementor-widget-container\">\n\t\t\t\t\t\t\t\t\t<div class=\"elementor-button-wrapper\">\n\t\t\t\t\t<a class=\"elementor-button elementor-button-link elementor-size-sm elementor-animation-float\" href=\"#\">\n\t\t\t\t\t\t<span class=\"elementor-button-content-wrapper\">\n\t\t\t\t\t\t\t\t\t<span class=\"elementor-button-text\">PEDIR OR\u00c7AMENTO AGORA<\/span>\n\t\t\t\t\t<\/span>\n\t\t\t\t\t<\/a>\n\t\t\t\t<\/div>\n\t\t\t\t\t\t\t\t<\/div>\n\t\t\t\t<\/div>\n\t\t\t\t<\/div>\n\t\t\t\t<\/div>\n\t\t\t\t<\/div>\n\t\t","protected":false},"excerpt":{"rendered":"<p>Centro de Conhecimento e Not\u00edcias Artigos especializados sobre tradu\u00e7\u00e3o t\u00e9cnica, legaliza\u00e7\u00e3o de documentos e estrat\u00e9gias de expans\u00e3o global. Todos os Artigos Legaliza\u00e7\u00e3o e Oficial Empresas<\/p>\n","protected":false},"author":1,"featured_media":0,"parent":0,"menu_order":0,"comment_status":"closed","ping_status":"closed","template":"elementor_header_footer","meta":{"_joinchat":[],"footnotes":""},"class_list":["post-3090","page","type-page","status-publish","hentry"],"_links":{"self":[{"href":"https:\/\/ggalgarvetranslations.com\/pt\/wp-json\/wp\/v2\/pages\/3090","targetHints":{"allow":["GET"]}}],"collection":[{"href":"https:\/\/ggalgarvetranslations.com\/pt\/wp-json\/wp\/v2\/pages"}],"about":[{"href":"https:\/\/ggalgarvetranslations.com\/pt\/wp-json\/wp\/v2\/types\/page"}],"author":[{"embeddable":true,"href":"https:\/\/ggalgarvetranslations.com\/pt\/wp-json\/wp\/v2\/users\/1"}],"replies":[{"embeddable":true,"href":"https:\/\/ggalgarvetranslations.com\/pt\/wp-json\/wp\/v2\/comments?post=3090"}],"version-history":[{"count":0,"href":"https:\/\/ggalgarvetranslations.com\/pt\/wp-json\/wp\/v2\/pages\/3090\/revisions"}],"wp:attachment":[{"href":"https:\/\/ggalgarvetranslations.com\/pt\/wp-json\/wp\/v2\/media?parent=3090"}],"curies":[{"name":"wp","href":"https:\/\/api.w.org\/{rel}","templated":true}]}}